{"id":493,"date":"2015-08-15T17:14:32","date_gmt":"2015-08-15T15:14:32","guid":{"rendered":"http:\/\/www.cendo-vom-flawenjupe.de\/?page_id=493"},"modified":"2018-01-18T23:26:11","modified_gmt":"2018-01-18T22:26:11","slug":"links","status":"publish","type":"page","link":"https:\/\/www.cendo-vom-flawenjupe.de\/index.php\/links\/","title":{"rendered":"Links"},"content":{"rendered":"<h4>Private Kromfohrl\u00e4nderseiten<\/h4>\n<ul>\n<li><a href=\"http:\/\/www.kromfohrlaender-allgaeu.de\/\">Craxel vom Flawenjup\u00e9<\/a> (Schwester von Cendo)<\/li>\n<li><a href=\"http:\/\/kromfohrlaender-langenhagen.jimdo.com\" target=\"_blank\" rel=\"noopener\">Coppa vom Flawenjup\u00e9<\/a>&nbsp;(Bruder von Cendo)<\/li>\n<li><a href=\"http:\/\/www.flawenjupe.de\/unsere-kromis\/brezel\/\" target=\"_blank\" rel=\"noopener\">Brezel vom Flawenjup\u00e9<\/a> (Cendos Mama)<\/li>\n<li><a href=\"http:\/\/www.flawenjupe.de\/unsere-kromis\/ajoula\/\" target=\"_blank\" rel=\"noopener\">Ajoula vom Linderoth<\/a> (Cendos Oma)<\/li>\n<li><a href=\"http:\/\/www.flawenjupe.de\/unsere-kromis\/flax\/\" target=\"_blank\" rel=\"noopener\">Flax vom Steenbrook<\/a> (Cendos Uropa)<\/li>\n<li><a href=\"http:\/\/www.iccovomrosenbuel.de\/index.php\/linda\">Linda vom Steenbrook<\/a> (Cendos Cousine)<\/li>\n<li><a href=\"http:\/\/www.prokromfohrlaender-bardur.de\" target=\"_blank\" rel=\"noopener\">Bardur vom Flawenjup\u00e9<\/a> (Cendos Onkel)<\/li>\n<li><a href=\"http:\/\/beckersrudel.jimdo.com\" target=\"_blank\" rel=\"noopener\">Das Beckersrudel<\/a>&nbsp;(Doolittle, Apollo und Strolch)<\/li>\n<li><a href=\"http:\/\/www.familienkromi-kromfohrlaender.de\/\" target=\"_blank\" rel=\"noopener\">Familienkromi Amelie<\/a><\/li>\n<\/ul>\n<h4>Z\u00fcchter<\/h4>\n<ul>\n<li><a href=\"http:\/\/www.flawenjupe.de\" target=\"_blank\" rel=\"noopener\">Kromfohrl\u00e4nder vom Flawenjup\u00e9<\/a><\/li>\n<li><a href=\"http:\/\/www.kromisvbh.de\/\">Kromfohrl\u00e4nder vom Bettinger Hof<\/a><\/li>\n<li><a href=\"http:\/\/www.kromfohrlaender-allgaeu.de\/\">Kromfohrl\u00e4nder vom Monte Cer Bellino<\/a><\/li>\n<li><a href=\"http:\/\/vomsolberknochen.de\/\">Kromfohrl\u00e4nder vom Solberknochen<\/a><\/li>\n<\/ul>\n<h4>Verein<\/h4>\n<ul>\n<li><a href=\"http:\/\/www.pro-kromfohrlaender-zucht.de\" target=\"_blank\" rel=\"noopener\">ProKromfohrl\u00e4nder e. V.<\/a><\/li>\n<\/ul>\n<h4>Foren<\/h4>\n<ul>\n<li><a href=\"http:\/\/www.kromfohrlaender-forum.de\/\">http:\/\/www.kromfohrlaender-forum.de\/<\/a><\/li>\n<\/ul>\n<h4>Wissenswertes\/Interessantes<\/h4>\n<ul>\n<li><a href=\"https:\/\/www.garten.schule\/hundefreundlicher-garten\/\">https:\/\/www.garten.schule\/hundefreundlicher-garten\/<\/a><\/li>\n<\/ul>\n","protected":false},"excerpt":{"rendered":"<p>Private Kromfohrl\u00e4nderseiten Craxel vom Flawenjup\u00e9 (Schwester von Cendo) Coppa vom Flawenjup\u00e9&nbsp;(Bruder von Cendo) Brezel vom Flawenjup\u00e9 (Cendos Mama) Ajoula vom Linderoth (Cendos Oma) Flax vom Steenbrook (Cendos Uropa) Linda vom Steenbrook (Cendos Cousine) Bardur vom Flawenjup\u00e9 (Cendos Onkel) Das Beckersrudel&nbsp;(Doolittle, Apollo und Strolch) Familienkromi Amelie Z\u00fcchter Kromfohrl\u00e4nder vom Flawenjup\u00e9 Kromfohrl\u00e4nder vom Bettinger Hof Kromfohrl\u00e4nder vom [&hellip;]<\/p>\n","protected":false},"author":1,"featured_media":0,"parent":0,"menu_order":40,"comment_status":"open","ping_status":"open","template":"","meta":{"ngg_post_thumbnail":0,"footnotes":""},"class_list":["post-493","page","type-page","status-publish","hentry"],"_links":{"self":[{"href":"https:\/\/www.cendo-vom-flawenjupe.de\/index.php\/wp-json\/wp\/v2\/pages\/493","targetHints":{"allow":["GET"]}}],"collection":[{"href":"https:\/\/www.cendo-vom-flawenjupe.de\/index.php\/wp-json\/wp\/v2\/pages"}],"about":[{"href":"https:\/\/www.cendo-vom-flawenjupe.de\/index.php\/wp-json\/wp\/v2\/types\/page"}],"author":[{"embeddable":true,"href":"https:\/\/www.cendo-vom-flawenjupe.de\/index.php\/wp-json\/wp\/v2\/users\/1"}],"replies":[{"embeddable":true,"href":"https:\/\/www.cendo-vom-flawenjupe.de\/index.php\/wp-json\/wp\/v2\/comments?post=493"}],"version-history":[{"count":16,"href":"https:\/\/www.cendo-vom-flawenjupe.de\/index.php\/wp-json\/wp\/v2\/pages\/493\/revisions"}],"predecessor-version":[{"id":3256,"href":"https:\/\/www.cendo-vom-flawenjupe.de\/index.php\/wp-json\/wp\/v2\/pages\/493\/revisions\/3256"}],"wp:attachment":[{"href":"https:\/\/www.cendo-vom-flawenjupe.de\/index.php\/wp-json\/wp\/v2\/media?parent=493"}],"curies":[{"name":"wp","href":"https:\/\/api.w.org\/{rel}","templated":true}]}}