{"id":357,"date":"2015-08-11T14:58:27","date_gmt":"2015-08-11T12:58:27","guid":{"rendered":"http:\/\/www.cendo-vom-flawenjupe.de\/?page_id=357"},"modified":"2015-10-17T00:56:25","modified_gmt":"2015-10-16T22:56:25","slug":"mein-zuhause","status":"publish","type":"page","link":"https:\/\/www.cendo-vom-flawenjupe.de\/index.php\/mein-zuhause\/","title":{"rendered":"Mein Zuhause"},"content":{"rendered":"<p>Nachdem Cendo die ersten Wochen seines noch jungen Lebens in Verl verbringen durfte, zog es ihn jetzt nach Unterfranken, genauer gesagt nach <a href=\"https:\/\/de.wikipedia.org\/wiki\/G%C3%BCntersleben\" target=\"_blank\">G\u00fcntersleben<\/a> im Landkreis W\u00fcrzburg.<\/p>\n<p>G\u00fcntersleben hat etwa 4300 Einwohner und liegt knapp n\u00f6rdlich von W\u00fcrzburg. Von hier aus sind es nur wenige km in die Stadt oder in die Nachbargemeinden. Nat\u00fcrlich wird auch in G\u00fcntersleben Wein angebaut.<\/p>\n<p>Erstmals urkundlich erw\u00e4hnt wurde der Ort im Jahre 1113 und hat in den letzten 900 Jahren so einiges mitmachen m\u00fcssen. Br\u00e4nde, \u00dcberschwemmungen und die Pest geh\u00f6ren dazu. Und nun, im Jahre 2015 A. D. kommt nun Cendo in den Ort, allerdings nicht als Plage, sondern als wundervolle Bereicherung.<\/p>\n<p><a href=\"http:\/\/www.guentersleben.de\/Startseite\/Guentersleben-Info\/Guentersleben-Geschichte\/K117.htm\" target=\"_blank\">Webseite der Gemeinde G\u00fcntersleben<\/a><\/p>\n<div id=\"attachment_359\" style=\"width: 310px\" class=\"wp-caption alignnone\"><a href=\"http:\/\/www.cendo-vom-flawenjupe.de\/wp-content\/uploads\/2015\/08\/DSC02015.jpg\"><img loading=\"lazy\" decoding=\"async\" aria-describedby=\"caption-attachment-359\" class=\"wp-image-359 size-medium\" src=\"http:\/\/www.cendo-vom-flawenjupe.de\/wp-content\/uploads\/2015\/08\/DSC02015-300x199.jpg\" alt=\"Blick \u00fcber G\u00fcntersleben\" width=\"300\" height=\"199\" data-wp-pid=\"359\" srcset=\"https:\/\/www.cendo-vom-flawenjupe.de\/wp-content\/uploads\/2015\/08\/DSC02015-300x199.jpg 300w, https:\/\/www.cendo-vom-flawenjupe.de\/wp-content\/uploads\/2015\/08\/DSC02015-1024x680.jpg 1024w, https:\/\/www.cendo-vom-flawenjupe.de\/wp-content\/uploads\/2015\/08\/DSC02015-800x532.jpg 800w, https:\/\/www.cendo-vom-flawenjupe.de\/wp-content\/uploads\/2015\/08\/DSC02015-600x399.jpg 600w\" sizes=\"auto, (max-width: 300px) 100vw, 300px\" \/><\/a><p id=\"caption-attachment-359\" class=\"wp-caption-text\">Blick \u00fcber G\u00fcntersleben<\/p><\/div>\n<p>Hier noch ein paar Impressionen&#8230;<\/p>\n<p><!-- index.php -->\n<div\n\tclass=\"ngg-galleryoverview\n\t ngg-ajax-pagination-none\t\"\n\tid=\"ngg-gallery-d54e52e183ec4a1227fd1a4960924e59-1\">\n\n\t\t<div class=\"slideshowlink\">\n\t\t<a href='https:\/\/www.cendo-vom-flawenjupe.de\/index.php\/mein-zuhause\/nggallery\/slideshow'>[Zeige eine Slideshow]<\/a>\n\t\t\n\t<\/div>\n\t\t\t<!-- Thumbnails -->\n\t\t\t\t<div id=\"ngg-image-0\" class=\"ngg-gallery-thumbnail-box\" \n\t\t\t\t\t\t\t\t\t\t\t>\n\t\t\t\t\t\t<div class=\"ngg-gallery-thumbnail\">\n\t\t\t<a href=\"https:\/\/www.cendo-vom-flawenjupe.de\/wp-content\/gallery\/impressionen\/DSC02068.JPG\"\n\t\t\t\ttitle=\"\"\n\t\t\t\tdata-src=\"https:\/\/www.cendo-vom-flawenjupe.de\/wp-content\/gallery\/impressionen\/DSC02068.JPG\"\n\t\t\t\tdata-thumbnail=\"https:\/\/www.cendo-vom-flawenjupe.de\/wp-content\/gallery\/impressionen\/thumbs\/thumbs_DSC02068.JPG\"\n\t\t\t\tdata-image-id=\"144\"\n\t\t\t\tdata-title=\"SONY DSC\"\n\t\t\t\tdata-description=\"\"\n\t\t\t\tdata-image-slug=\"dsc02068\"\n\t\t\t\tclass=\"ngg-fancybox\" rel=\"d54e52e183ec4a1227fd1a4960924e59\">\n\t\t\t\t<img\n\t\t\t\t\ttitle=\"SONY DSC\"\n\t\t\t\t\talt=\"SONY DSC\"\n\t\t\t\t\tsrc=\"https:\/\/www.cendo-vom-flawenjupe.de\/wp-content\/gallery\/impressionen\/thumbs\/thumbs_DSC02068.JPG\"\n\t\t\t\t\twidth=\"225\"\n\t\t\t\t\theight=\"150\"\n\t\t\t\t\tstyle=\"max-width:100%;\"\n\t\t\t\t\/>\n\t\t\t<\/a>\n\t\t<\/div>\n\t\t\t\t\t\t\t<\/div> \n\t\t\t\n\t\t\n\t\t\t\t<div id=\"ngg-image-1\" class=\"ngg-gallery-thumbnail-box\" \n\t\t\t\t\t\t\t\t\t\t\t>\n\t\t\t\t\t\t<div class=\"ngg-gallery-thumbnail\">\n\t\t\t<a href=\"https:\/\/www.cendo-vom-flawenjupe.de\/wp-content\/gallery\/impressionen\/DSC02121.JPG\"\n\t\t\t\ttitle=\"\"\n\t\t\t\tdata-src=\"https:\/\/www.cendo-vom-flawenjupe.de\/wp-content\/gallery\/impressionen\/DSC02121.JPG\"\n\t\t\t\tdata-thumbnail=\"https:\/\/www.cendo-vom-flawenjupe.de\/wp-content\/gallery\/impressionen\/thumbs\/thumbs_DSC02121.JPG\"\n\t\t\t\tdata-image-id=\"145\"\n\t\t\t\tdata-title=\"SONY DSC\"\n\t\t\t\tdata-description=\"\"\n\t\t\t\tdata-image-slug=\"dsc02121\"\n\t\t\t\tclass=\"ngg-fancybox\" rel=\"d54e52e183ec4a1227fd1a4960924e59\">\n\t\t\t\t<img\n\t\t\t\t\ttitle=\"SONY DSC\"\n\t\t\t\t\talt=\"SONY DSC\"\n\t\t\t\t\tsrc=\"https:\/\/www.cendo-vom-flawenjupe.de\/wp-content\/gallery\/impressionen\/thumbs\/thumbs_DSC02121.JPG\"\n\t\t\t\t\twidth=\"225\"\n\t\t\t\t\theight=\"150\"\n\t\t\t\t\tstyle=\"max-width:100%;\"\n\t\t\t\t\/>\n\t\t\t<\/a>\n\t\t<\/div>\n\t\t\t\t\t\t\t<\/div> \n\t\t\t\n\t\t\n\t\t\t\t<div id=\"ngg-image-2\" class=\"ngg-gallery-thumbnail-box\" \n\t\t\t\t\t\t\t\t\t\t\t>\n\t\t\t\t\t\t<div class=\"ngg-gallery-thumbnail\">\n\t\t\t<a href=\"https:\/\/www.cendo-vom-flawenjupe.de\/wp-content\/gallery\/impressionen\/DSC02123.JPG\"\n\t\t\t\ttitle=\"\"\n\t\t\t\tdata-src=\"https:\/\/www.cendo-vom-flawenjupe.de\/wp-content\/gallery\/impressionen\/DSC02123.JPG\"\n\t\t\t\tdata-thumbnail=\"https:\/\/www.cendo-vom-flawenjupe.de\/wp-content\/gallery\/impressionen\/thumbs\/thumbs_DSC02123.JPG\"\n\t\t\t\tdata-image-id=\"146\"\n\t\t\t\tdata-title=\"SONY DSC\"\n\t\t\t\tdata-description=\"\"\n\t\t\t\tdata-image-slug=\"dsc02123\"\n\t\t\t\tclass=\"ngg-fancybox\" rel=\"d54e52e183ec4a1227fd1a4960924e59\">\n\t\t\t\t<img\n\t\t\t\t\ttitle=\"SONY DSC\"\n\t\t\t\t\talt=\"SONY DSC\"\n\t\t\t\t\tsrc=\"https:\/\/www.cendo-vom-flawenjupe.de\/wp-content\/gallery\/impressionen\/thumbs\/thumbs_DSC02123.JPG\"\n\t\t\t\t\twidth=\"225\"\n\t\t\t\t\theight=\"150\"\n\t\t\t\t\tstyle=\"max-width:100%;\"\n\t\t\t\t\/>\n\t\t\t<\/a>\n\t\t<\/div>\n\t\t\t\t\t\t\t<\/div> \n\t\t\t\n\t\t\n\t\t\t\t<div id=\"ngg-image-3\" class=\"ngg-gallery-thumbnail-box\" \n\t\t\t\t\t\t\t\t\t\t\t>\n\t\t\t\t\t\t<div class=\"ngg-gallery-thumbnail\">\n\t\t\t<a href=\"https:\/\/www.cendo-vom-flawenjupe.de\/wp-content\/gallery\/impressionen\/DSC02131.JPG\"\n\t\t\t\ttitle=\"\"\n\t\t\t\tdata-src=\"https:\/\/www.cendo-vom-flawenjupe.de\/wp-content\/gallery\/impressionen\/DSC02131.JPG\"\n\t\t\t\tdata-thumbnail=\"https:\/\/www.cendo-vom-flawenjupe.de\/wp-content\/gallery\/impressionen\/thumbs\/thumbs_DSC02131.JPG\"\n\t\t\t\tdata-image-id=\"147\"\n\t\t\t\tdata-title=\"SONY DSC\"\n\t\t\t\tdata-description=\"\"\n\t\t\t\tdata-image-slug=\"dsc02131\"\n\t\t\t\tclass=\"ngg-fancybox\" rel=\"d54e52e183ec4a1227fd1a4960924e59\">\n\t\t\t\t<img\n\t\t\t\t\ttitle=\"SONY DSC\"\n\t\t\t\t\talt=\"SONY DSC\"\n\t\t\t\t\tsrc=\"https:\/\/www.cendo-vom-flawenjupe.de\/wp-content\/gallery\/impressionen\/thumbs\/thumbs_DSC02131.JPG\"\n\t\t\t\t\twidth=\"225\"\n\t\t\t\t\theight=\"150\"\n\t\t\t\t\tstyle=\"max-width:100%;\"\n\t\t\t\t\/>\n\t\t\t<\/a>\n\t\t<\/div>\n\t\t\t\t\t\t\t<\/div> \n\t\t\t\n\t\t\n\t\t\t\t<div id=\"ngg-image-4\" class=\"ngg-gallery-thumbnail-box\" \n\t\t\t\t\t\t\t\t\t\t\t>\n\t\t\t\t\t\t<div class=\"ngg-gallery-thumbnail\">\n\t\t\t<a href=\"https:\/\/www.cendo-vom-flawenjupe.de\/wp-content\/gallery\/impressionen\/DSC02133.JPG\"\n\t\t\t\ttitle=\"\"\n\t\t\t\tdata-src=\"https:\/\/www.cendo-vom-flawenjupe.de\/wp-content\/gallery\/impressionen\/DSC02133.JPG\"\n\t\t\t\tdata-thumbnail=\"https:\/\/www.cendo-vom-flawenjupe.de\/wp-content\/gallery\/impressionen\/thumbs\/thumbs_DSC02133.JPG\"\n\t\t\t\tdata-image-id=\"148\"\n\t\t\t\tdata-title=\"SONY DSC\"\n\t\t\t\tdata-description=\"\"\n\t\t\t\tdata-image-slug=\"dsc02133\"\n\t\t\t\tclass=\"ngg-fancybox\" rel=\"d54e52e183ec4a1227fd1a4960924e59\">\n\t\t\t\t<img\n\t\t\t\t\ttitle=\"SONY DSC\"\n\t\t\t\t\talt=\"SONY DSC\"\n\t\t\t\t\tsrc=\"https:\/\/www.cendo-vom-flawenjupe.de\/wp-content\/gallery\/impressionen\/thumbs\/thumbs_DSC02133.JPG\"\n\t\t\t\t\twidth=\"225\"\n\t\t\t\t\theight=\"150\"\n\t\t\t\t\tstyle=\"max-width:100%;\"\n\t\t\t\t\/>\n\t\t\t<\/a>\n\t\t<\/div>\n\t\t\t\t\t\t\t<\/div> \n\t\t\t\n\t\t\n\t\t\t\t<div id=\"ngg-image-5\" class=\"ngg-gallery-thumbnail-box\" \n\t\t\t\t\t\t\t\t\t\t\t>\n\t\t\t\t\t\t<div class=\"ngg-gallery-thumbnail\">\n\t\t\t<a href=\"https:\/\/www.cendo-vom-flawenjupe.de\/wp-content\/gallery\/impressionen\/DSC02135.JPG\"\n\t\t\t\ttitle=\"\"\n\t\t\t\tdata-src=\"https:\/\/www.cendo-vom-flawenjupe.de\/wp-content\/gallery\/impressionen\/DSC02135.JPG\"\n\t\t\t\tdata-thumbnail=\"https:\/\/www.cendo-vom-flawenjupe.de\/wp-content\/gallery\/impressionen\/thumbs\/thumbs_DSC02135.JPG\"\n\t\t\t\tdata-image-id=\"149\"\n\t\t\t\tdata-title=\"SONY DSC\"\n\t\t\t\tdata-description=\"\"\n\t\t\t\tdata-image-slug=\"dsc02135\"\n\t\t\t\tclass=\"ngg-fancybox\" rel=\"d54e52e183ec4a1227fd1a4960924e59\">\n\t\t\t\t<img\n\t\t\t\t\ttitle=\"SONY DSC\"\n\t\t\t\t\talt=\"SONY DSC\"\n\t\t\t\t\tsrc=\"https:\/\/www.cendo-vom-flawenjupe.de\/wp-content\/gallery\/impressionen\/thumbs\/thumbs_DSC02135.JPG\"\n\t\t\t\t\twidth=\"225\"\n\t\t\t\t\theight=\"150\"\n\t\t\t\t\tstyle=\"max-width:100%;\"\n\t\t\t\t\/>\n\t\t\t<\/a>\n\t\t<\/div>\n\t\t\t\t\t\t\t<\/div> \n\t\t\t\n\t\t\n\t\t\t\t<div id=\"ngg-image-6\" class=\"ngg-gallery-thumbnail-box\" \n\t\t\t\t\t\t\t\t\t\t\t>\n\t\t\t\t\t\t<div class=\"ngg-gallery-thumbnail\">\n\t\t\t<a href=\"https:\/\/www.cendo-vom-flawenjupe.de\/wp-content\/gallery\/impressionen\/DSC02146.JPG\"\n\t\t\t\ttitle=\"\"\n\t\t\t\tdata-src=\"https:\/\/www.cendo-vom-flawenjupe.de\/wp-content\/gallery\/impressionen\/DSC02146.JPG\"\n\t\t\t\tdata-thumbnail=\"https:\/\/www.cendo-vom-flawenjupe.de\/wp-content\/gallery\/impressionen\/thumbs\/thumbs_DSC02146.JPG\"\n\t\t\t\tdata-image-id=\"150\"\n\t\t\t\tdata-title=\"SONY DSC\"\n\t\t\t\tdata-description=\"\"\n\t\t\t\tdata-image-slug=\"dsc02146\"\n\t\t\t\tclass=\"ngg-fancybox\" rel=\"d54e52e183ec4a1227fd1a4960924e59\">\n\t\t\t\t<img\n\t\t\t\t\ttitle=\"SONY DSC\"\n\t\t\t\t\talt=\"SONY DSC\"\n\t\t\t\t\tsrc=\"https:\/\/www.cendo-vom-flawenjupe.de\/wp-content\/gallery\/impressionen\/thumbs\/thumbs_DSC02146.JPG\"\n\t\t\t\t\twidth=\"225\"\n\t\t\t\t\theight=\"150\"\n\t\t\t\t\tstyle=\"max-width:100%;\"\n\t\t\t\t\/>\n\t\t\t<\/a>\n\t\t<\/div>\n\t\t\t\t\t\t\t<\/div> \n\t\t\t\n\t\t\n\t\t\n\t\t<!-- Pagination -->\n\t\t<div class='ngg-clear'><\/div>\t<\/div>\n<\/p>\n","protected":false},"excerpt":{"rendered":"<p>Nachdem Cendo die ersten Wochen seines noch jungen Lebens in Verl verbringen durfte, zog es ihn jetzt nach Unterfranken, genauer gesagt nach G\u00fcntersleben im Landkreis W\u00fcrzburg. G\u00fcntersleben hat etwa 4300 Einwohner und liegt knapp n\u00f6rdlich von W\u00fcrzburg. Von hier aus sind es nur wenige km in die Stadt oder in die Nachbargemeinden. Nat\u00fcrlich wird auch [&hellip;]<\/p>\n","protected":false},"author":1,"featured_media":0,"parent":0,"menu_order":20,"comment_status":"open","ping_status":"open","template":"","meta":{"ngg_post_thumbnail":0,"footnotes":""},"class_list":["post-357","page","type-page","status-publish","hentry"],"_links":{"self":[{"href":"https:\/\/www.cendo-vom-flawenjupe.de\/index.php\/wp-json\/wp\/v2\/pages\/357","targetHints":{"allow":["GET"]}}],"collection":[{"href":"https:\/\/www.cendo-vom-flawenjupe.de\/index.php\/wp-json\/wp\/v2\/pages"}],"about":[{"href":"https:\/\/www.cendo-vom-flawenjupe.de\/index.php\/wp-json\/wp\/v2\/types\/page"}],"author":[{"embeddable":true,"href":"https:\/\/www.cendo-vom-flawenjupe.de\/index.php\/wp-json\/wp\/v2\/users\/1"}],"replies":[{"embeddable":true,"href":"https:\/\/www.cendo-vom-flawenjupe.de\/index.php\/wp-json\/wp\/v2\/comments?post=357"}],"version-history":[{"count":4,"href":"https:\/\/www.cendo-vom-flawenjupe.de\/index.php\/wp-json\/wp\/v2\/pages\/357\/revisions"}],"predecessor-version":[{"id":1462,"href":"https:\/\/www.cendo-vom-flawenjupe.de\/index.php\/wp-json\/wp\/v2\/pages\/357\/revisions\/1462"}],"wp:attachment":[{"href":"https:\/\/www.cendo-vom-flawenjupe.de\/index.php\/wp-json\/wp\/v2\/media?parent=357"}],"curies":[{"name":"wp","href":"https:\/\/api.w.org\/{rel}","templated":true}]}}