{"id":207,"date":"2015-08-10T18:42:18","date_gmt":"2015-08-10T16:42:18","guid":{"rendered":"http:\/\/www.cendo-vom-flawenjupe.de\/?page_id=207"},"modified":"2022-04-02T20:17:27","modified_gmt":"2022-04-02T18:17:27","slug":"cendo-vom-flawenjupe","status":"publish","type":"page","link":"https:\/\/www.cendo-vom-flawenjupe.de\/index.php\/cendo-vom-flawenjupe\/","title":{"rendered":"Cendo vom Flawenjup\u00e9"},"content":{"rendered":"<p><a href=\"http:\/\/www.cendo-vom-flawenjupe.de\/wp-content\/uploads\/2015\/08\/profilbild.jpg\"><img loading=\"lazy\" decoding=\"async\" class=\" wp-image-209 size-medium alignleft\" src=\"http:\/\/www.cendo-vom-flawenjupe.de\/wp-content\/uploads\/2015\/08\/profilbild-225x300.jpg\" alt=\"profilbild\" width=\"225\" height=\"300\" srcset=\"https:\/\/www.cendo-vom-flawenjupe.de\/wp-content\/uploads\/2015\/08\/profilbild-225x300.jpg 225w, https:\/\/www.cendo-vom-flawenjupe.de\/wp-content\/uploads\/2015\/08\/profilbild-768x1024.jpg 768w, https:\/\/www.cendo-vom-flawenjupe.de\/wp-content\/uploads\/2015\/08\/profilbild-450x600.jpg 450w, https:\/\/www.cendo-vom-flawenjupe.de\/wp-content\/uploads\/2015\/08\/profilbild-800x1067.jpg 800w, https:\/\/www.cendo-vom-flawenjupe.de\/wp-content\/uploads\/2015\/08\/profilbild.jpg 1389w\" sizes=\"auto, (max-width: 225px) 100vw, 225px\" \/><\/a>Hallo, mein Name ist Cendo bzw. genauer <em>Cendo vom Flawenjup\u00e9<\/em>. Geboren wurde ich am 04.06.2015 um 0:58 Uhr als 6. von 10! Meine Mama <a href=\"http:\/\/www.flawenjupe.de\/unsere-kromis\/brezel\/\" target=\"_blank\">Brezel vom Flawenjup\u00e9<\/a> hatte bei 10 Welpen die ganze Nacht ordentlich zu tun, wurde aber von meiner Ziehmama Birgit Wennemann und ihrer Tochter tatkr\u00e4ftig unterst\u00fctzt. Am 03.06.2015 um 22:25 Uhr wurde mein erstes Schwesterchen geboren und am 04.06.2015 um 04:37 Uhr der letzte Welpe.\u00a0Mein Papa ist\u00a0Drago vom Hohnhorstwald.<\/p>\n<p>Mein Geburtsgewicht lag bei 138 Gramm, was ganz sch\u00f6n wenig war. Ich konnte mich aber in den n\u00e4chsten Wochen behaupten und entwickelte mich pr\u00e4chtig. Meine 9 Geschwister sind ebenfalls wohlauf.<\/p>\n<p>Mit etwa 9 1\/2 Wochen packte ich mein K\u00f6fferchen und verabschiedete mich aus dem angenehm k\u00fchlen Ostwestfalen nach Bayern (Unterfranken), um dort bei sportlichen 34 Grad meine ersten Entdeckungen in der neuen Heimat zu machen.<\/p>\n<p>Ach ja, ich bin \u00fcbrigens ein Kromfohrl\u00e4nder aus dem Pro Kromfohl\u00e4nder Einkreuzprojekt. Meine Mama Brezel ist zur H\u00e4lfte eine Kromfohrl\u00e4nderdame und zur anderen H\u00e4lfte ein Dansk-Svensk-Gardhund. Mein Papa Drago vom Hohnhorstwald ist ein reinrassiger Kromfohrl\u00e4nder. Ich f\u00fchle mich in meiner Haut pudelwohl, obwohl ich gar kein Pudel bin.<\/p>\n<p>Neben meiner Mama Brezel haben mich v.a. auch Oma <a href=\"http:\/\/ajoula.beepworld.de\/\" target=\"_blank\">Ajoula vom Linderoth<\/a> und Uropa <a href=\"http:\/\/flaxvomsteenbrook.beepworld.de\/\" target=\"_blank\">Flax vom Steenbrook<\/a> ordentlich erzogen. Zumindest sind meine neuen Menschen, allen voran Bianca, mit mir sehr zufrieden und gl\u00fccklich.<\/p>\n<p>Fotos von mir als junger Welpe finden sich auf der Webseite der <a href=\"http:\/\/www.flawenjupe.de\/zucht-w%C3%BCrfe\/c-wurf\/cendo\/\" target=\"_blank\">Flawenjup\u00e9s<\/a>.<\/p>\n<p>Wer mehr \u00fcber meine Geschwister und den Wurf aus dem ich stamme erfahren m\u00f6chte, schaut sich bitte den <a href=\"http:\/\/www.flawenjupe.de\/zucht-w%C3%BCrfe\/c-wurf\/\" target=\"_blank\">C-Wurf<\/a> an.<\/p>\n","protected":false},"excerpt":{"rendered":"<p>Hallo, mein Name ist Cendo bzw. genauer Cendo vom Flawenjup\u00e9. Geboren wurde ich am 04.06.2015 um 0:58 Uhr als 6. von 10! Meine Mama Brezel vom Flawenjup\u00e9 hatte bei 10 Welpen die ganze Nacht ordentlich zu tun, wurde aber von meiner Ziehmama Birgit Wennemann und ihrer Tochter tatkr\u00e4ftig unterst\u00fctzt. Am 03.06.2015 um 22:25 Uhr wurde [&hellip;]<\/p>\n","protected":false},"author":1,"featured_media":0,"parent":0,"menu_order":10,"comment_status":"open","ping_status":"open","template":"","meta":{"ngg_post_thumbnail":0,"footnotes":""},"class_list":["post-207","page","type-page","status-publish","hentry"],"_links":{"self":[{"href":"https:\/\/www.cendo-vom-flawenjupe.de\/index.php\/wp-json\/wp\/v2\/pages\/207","targetHints":{"allow":["GET"]}}],"collection":[{"href":"https:\/\/www.cendo-vom-flawenjupe.de\/index.php\/wp-json\/wp\/v2\/pages"}],"about":[{"href":"https:\/\/www.cendo-vom-flawenjupe.de\/index.php\/wp-json\/wp\/v2\/types\/page"}],"author":[{"embeddable":true,"href":"https:\/\/www.cendo-vom-flawenjupe.de\/index.php\/wp-json\/wp\/v2\/users\/1"}],"replies":[{"embeddable":true,"href":"https:\/\/www.cendo-vom-flawenjupe.de\/index.php\/wp-json\/wp\/v2\/comments?post=207"}],"version-history":[{"count":8,"href":"https:\/\/www.cendo-vom-flawenjupe.de\/index.php\/wp-json\/wp\/v2\/pages\/207\/revisions"}],"predecessor-version":[{"id":3286,"href":"https:\/\/www.cendo-vom-flawenjupe.de\/index.php\/wp-json\/wp\/v2\/pages\/207\/revisions\/3286"}],"wp:attachment":[{"href":"https:\/\/www.cendo-vom-flawenjupe.de\/index.php\/wp-json\/wp\/v2\/media?parent=207"}],"curies":[{"name":"wp","href":"https:\/\/api.w.org\/{rel}","templated":true}]}}